{"id":547,"date":"2016-12-16T03:24:50","date_gmt":"2016-12-16T03:24:50","guid":{"rendered":"http:\/\/localhost\/buildpro\/?page_id=547"},"modified":"2025-05-10T14:01:43","modified_gmt":"2025-05-10T14:01:43","slug":"home-5","status":"publish","type":"page","link":"https:\/\/normar.ma\/?page_id=547","title":{"rendered":"Mat\u00e9riels"},"content":{"rendered":"<section class=\"wpb-content-wrapper\"><p>[vc_row parallax_bg=&#8221;true&#8221; parallax=&#8221;&#8221; css=&#8221;.vc_custom_1746884662999{padding-top: 0px !important;padding-bottom: 0px !important;background-image: url(https:\/\/normar.ma\/wp-content\/uploads\/2023\/05\/home-banner23.jpg?id=1536) !important;}&#8221;][vc_column]\n\t\t<div class=\"center-y fadeScroll text-center relative text-light\" data-scroll-speed=\"1\">\n        <div class=\"container\">\n            <div class=\"row\">\n                <div class=\"col-md-8 col-md-offset-2\">\n                    <div class=\"spacer-double\"><\/div>\n                                                            <div class=\"h2_title wow fadeInUp\" data-wow-delay=\".8s\">\n                        <div class=\"text-slider id-color\">\n                        \t                        <\/div>\n                    <\/div>\n                    <div class=\"wow fadeInUp font13\" data-wow-delay=\"1.1s\">\n                                            <\/div>\n\n                <\/div>\n            <\/div>\n        <\/div>\n    <\/div>\n    \n        \t\n[\/vc_column][\/vc_row][vc_row equal_height=&#8221;yes&#8221; content_placement=&#8221;middle&#8221; fullwidth=&#8221;yes&#8221; css=&#8221;.vc_custom_1481703350806{padding-top: 0px !important;padding-bottom: 0px !important;}&#8221; el_id=&#8221;section-about&#8221;][vc_column css=&#8221;.vc_custom_1746883963899{background-image: url(https:\/\/normar.ma\/wp-content\/uploads\/2023\/05\/EQuipment032.jpg?id=1450) !important;background-position: center !important;background-repeat: no-repeat !important;background-size: cover !important;}&#8221; offset=&#8221;vc_col-md-4&#8243;][vc_column_text css=&#8221;.vc_custom_1746883325878{padding-top: 80px !important;padding-right: 80px !important;padding-bottom: 80px !important;padding-left: 80px !important;}&#8221;][\/vc_column_text][\/vc_column][vc_column offset=&#8221;vc_col-md-4&#8243; css=&#8221;.vc_custom_1481614052502{padding-top: 0px !important;background-color: #f6f6f6 !important;}&#8221;][vc_column_text el_class=&#8221;padding60&#8243;]<\/p>\n<h2>Parc Mat\u00e9riels<\/h2>\n<p><strong>Normar<\/strong> dispose d\u2019un parc mat\u00e9riel moderne. Il est rep\u00e9rable par le sigle et la charte graphique de l\u2019entreprise. Des \u00e9quipes mobiles de maintenance sont constitu\u00e9es pour les interventions rapides et efficaces.[\/vc_column_text][\/vc_column][vc_column css=&#8221;.vc_custom_1746883936595{background-image: url(https:\/\/normar.ma\/wp-content\/uploads\/2023\/05\/Materiel021.jpg?id=1451) !important;background-position: center !important;background-repeat: no-repeat !important;background-size: cover !important;}&#8221; offset=&#8221;vc_col-md-4&#8243;][vc_column_text css=&#8221;.vc_custom_1746883309449{padding-top: 80px !important;padding-right: 80px !important;padding-bottom: 80px !important;padding-left: 80px !important;}&#8221;][\/vc_column_text][\/vc_column][\/vc_row][vc_row equal_height=&#8221;yes&#8221; content_placement=&#8221;middle&#8221; fullwidth=&#8221;yes&#8221; css=&#8221;.vc_custom_1481538575006{padding-top: 0px !important;padding-bottom: 0px !important;}&#8221;][vc_column offset=&#8221;vc_col-md-4&#8243; css=&#8221;.vc_custom_1481614055867{padding-top: 0px !important;background-color: #f6f6f6 !important;}&#8221;][vc_column_text el_class=&#8221;padding60&#8243;]Dans un souci d\u2019efficacit\u00e9, <strong>Normar<\/strong> emploie et forme plusieurs personnes exp\u00e9riment\u00e9es pour la maintenance, le montage, la conduite et la r\u00e9paration de son mat\u00e9riel et de sa flotte en interne.[\/vc_column_text][\/vc_column][vc_column offset=&#8221;vc_col-md-4&#8243; css=&#8221;.vc_custom_1746884044682{background-image: url(https:\/\/normar.ma\/wp-content\/uploads\/2023\/05\/Normar_Graphics.jpg?id=1452) !important;background-position: center !important;background-repeat: no-repeat !important;background-size: cover !important;}&#8221;][vc_column_text css=&#8221;.vc_custom_1746883041709{padding-top: 80px !important;padding-right: 80px !important;padding-bottom: 80px !important;padding-left: 80px !important;}&#8221;][\/vc_column_text][\/vc_column][vc_column offset=&#8221;vc_col-md-4&#8243; css=&#8221;.vc_custom_1481614059637{padding-top: 0px !important;background-color: #f6f6f6 !important;}&#8221;][vc_column_text el_class=&#8221;padding60&#8243;]Consciente de l\u2019importance des ressources mat\u00e9rielles pour atteindre le summum de la qualit\u00e9 de service, r\u00e9pondre aux atteintes de ses clients, et aux exigences du march\u00e9, NORMAR s\u2019investit continuellement dans la r\u00e9novation de son mat\u00e9riel et l\u2019enrichissement de son parc d\u2019engins, en se faisant procurer les derni\u00e8res machines.[\/vc_column_text][\/vc_column][\/vc_row][vc_row parallax_bg=&#8221;true&#8221; css=&#8221;.vc_custom_1746885037661{background-image: url(https:\/\/normar.ma\/wp-content\/uploads\/2023\/05\/BlBack024.jpg?id=1468) !important;}&#8221;][vc_column][vc_column_text css=&#8221;.vc_custom_1684322616802{margin-bottom: 60px !important;}&#8221;]<\/p>\n<h2><span style=\"color: #ffffff;\">Notre Parc Mat\u00e9riels<\/span><\/h2>\n<p>[\/vc_column_text][\/vc_column][vc_column offset=&#8221;vc_col-md-4&#8243;][vc_empty_space height=&#8221;30px&#8221;]\n\t    <div class=\"feature-box-small-icon text-light\">\n        <div class=\"inner\">\n            <span class=\"number\">5<\/span>\n            <div class=\"text\">\n                <h3>Grues<\/h3>\n                <img loading=\"lazy\" decoding=\"async\" class=\"alignnone size-full wp-image-1429\" src=\"https:\/\/normar.ma\/wp-content\/uploads\/2023\/05\/Grues_icon.png\" alt=\"\" width=\"130\" height=\"111\" \/>            <\/div>\n        <\/div>\n    <\/div>\t\n    \n[vc_empty_space height=&#8221;30px&#8221;]\n\t    <div class=\"feature-box-small-icon text-light\">\n        <div class=\"inner\">\n            <span class=\"number\">2<\/span>\n            <div class=\"text\">\n                <h3>Dumper<\/h3>\n                <img loading=\"lazy\" decoding=\"async\" class=\"alignnone size-full wp-image-1435\" src=\"https:\/\/normar.ma\/wp-content\/uploads\/2023\/05\/Dumper_icon.png\" alt=\"\" width=\"130\" height=\"111\" \/>            <\/div>\n        <\/div>\n    <\/div>\t\n    \n[vc_empty_space height=&#8221;30px&#8221;]\n\t    <div class=\"feature-box-small-icon text-light\">\n        <div class=\"inner\">\n            <span class=\"number\">2<\/span>\n            <div class=\"text\">\n                <h3>Niveleuse H12<\/h3>\n                <img loading=\"lazy\" decoding=\"async\" class=\"alignnone size-full wp-image-1441\" src=\"https:\/\/normar.ma\/wp-content\/uploads\/2023\/05\/Niveleuse_icon.png\" alt=\"\" width=\"130\" height=\"111\" \/>            <\/div>\n        <\/div>\n    <\/div>\t\n    \n[\/vc_column][vc_column offset=&#8221;vc_col-md-4&#8243;][vc_empty_space height=&#8221;30px&#8221;]\n\t    <div class=\"feature-box-small-icon text-light\">\n        <div class=\"inner\">\n            <span class=\"number\">5<\/span>\n            <div class=\"text\">\n                <h3>B\u00e9tonni\u00e8res<\/h3>\n                <img loading=\"lazy\" decoding=\"async\" class=\"alignnone size-full wp-image-1428\" src=\"https:\/\/normar.ma\/wp-content\/uploads\/2023\/05\/betonniere2_icon.png\" alt=\"\" width=\"130\" height=\"111\" \/>            <\/div>\n        <\/div>\n    <\/div>\t\n    \n[vc_empty_space height=&#8221;30px&#8221;]\n\t    <div class=\"feature-box-small-icon text-light\">\n        <div class=\"inner\">\n            <span class=\"number\">2<\/span>\n            <div class=\"text\">\n                <h3>Chariots Elevateurs<\/h3>\n                <img loading=\"lazy\" decoding=\"async\" class=\"alignnone size-full wp-image-1440\" src=\"https:\/\/normar.ma\/wp-content\/uploads\/2023\/05\/ChariotsElev01_icon-1.png\" alt=\"\" width=\"130\" height=\"111\" \/>            <\/div>\n        <\/div>\n    <\/div>\t\n    \n[vc_empty_space height=&#8221;30px&#8221;]\n\t    <div class=\"feature-box-small-icon text-light\">\n        <div class=\"inner\">\n            <span class=\"number\">3<\/span>\n            <div class=\"text\">\n                <h3>Chargeurs<\/h3>\n                <img loading=\"lazy\" decoding=\"async\" class=\"alignnone size-full wp-image-1439\" src=\"https:\/\/normar.ma\/wp-content\/uploads\/2023\/05\/Chargeuricon.png\" alt=\"\" width=\"130\" height=\"111\" \/>            <\/div>\n        <\/div>\n    <\/div>\t\n    \n[\/vc_column][vc_column offset=&#8221;vc_col-md-4&#8243;][vc_empty_space height=&#8221;30px&#8221;]\n\t    <div class=\"feature-box-small-icon text-light\">\n        <div class=\"inner\">\n            <span class=\"number\">4<\/span>\n            <div class=\"text\">\n                <h3>Auto-B\u00e9tonni\u00e8res<\/h3>\n                <img loading=\"lazy\" decoding=\"async\" class=\"alignnone size-full wp-image-1427\" src=\"https:\/\/normar.ma\/wp-content\/uploads\/2023\/05\/betonniere_icon.png\" alt=\"\" width=\"130\" height=\"111\" \/>            <\/div>\n        <\/div>\n    <\/div>\t\n    \n[vc_empty_space height=&#8221;30px&#8221;]\n\t    <div class=\"feature-box-small-icon text-light\">\n        <div class=\"inner\">\n            <span class=\"number\">4<\/span>\n            <div class=\"text\">\n                <h3>Pelles Hydrauliques<\/h3>\n                <img loading=\"lazy\" decoding=\"async\" class=\"alignnone size-full wp-image-1442\" src=\"https:\/\/normar.ma\/wp-content\/uploads\/2023\/05\/peleHydro.png\" alt=\"\" width=\"130\" height=\"111\" \/>            <\/div>\n        <\/div>\n    <\/div>\t\n    \n[vc_empty_space height=&#8221;30px&#8221;]\n\t    <div class=\"feature-box-small-icon text-light\">\n        <div class=\"inner\">\n            <span class=\"number\">10<\/span>\n            <div class=\"text\">\n                <h3>Camions 8\/4<\/h3>\n                <img loading=\"lazy\" decoding=\"async\" class=\"alignnone size-full wp-image-1438\" src=\"https:\/\/normar.ma\/wp-content\/uploads\/2023\/05\/Camion84_icon.png\" alt=\"\" width=\"130\" height=\"111\" \/>            <\/div>\n        <\/div>\n    <\/div>\t\n    \n[\/vc_column][\/vc_row][vc_row css=&#8221;.vc_custom_1482395243306{padding-top: 20px !important;padding-bottom: 20px !important;}&#8221; el_class=&#8221;bg-color&#8221;][vc_column width=&#8221;1\/6&#8243;]\t\n\t<div class=\"de_count\">\n                <h3 class=\"timer\" data-to=\"3\" data-speed=\"2500\">0<\/h3>\n        <span>Manitou<\/span>\n    <\/div>\n  \t\n[\/vc_column][vc_column width=&#8221;1\/6&#8243;]\t\n\t<div class=\"de_count\">\n                <h3 class=\"timer\" data-to=\"3\" data-speed=\"2500\">0<\/h3>\n        <span>Tractopelles<\/span>\n    <\/div>\n  \t\n[\/vc_column][vc_column width=&#8221;1\/6&#8243;]\t\n\t<div class=\"de_count\">\n                <h3 class=\"timer\" data-to=\"8\" data-speed=\"2500\">0<\/h3>\n        <span>Compacteurs<\/span>\n    <\/div>\n  \t\n[\/vc_column][vc_column width=&#8221;1\/6&#8243;]\t\n\t<div class=\"de_count\">\n                <h3 class=\"timer\" data-to=\"5\" data-speed=\"2500\">0<\/h3>\n        <span>Marteau Brise Roche<\/span>\n    <\/div>\n  \t\n[\/vc_column][vc_column width=&#8221;1\/6&#8243;]\t\n\t<div class=\"de_count\">\n                <h3 class=\"timer\" data-to=\"5\" data-speed=\"2500\">0<\/h3>\n        <span>Marteau Piqueur<\/span>\n    <\/div>\n  \t\n[\/vc_column][vc_column width=&#8221;1\/6&#8243;]\t\n\t<div class=\"de_count\">\n                <h3 class=\"timer\" data-to=\"6\" data-speed=\"2500\">0<\/h3>\n        <span>Compresseurs<\/span>\n    <\/div>\n  \t\n[\/vc_column][\/vc_row][vc_row][vc_column]\t<ul id=\"blog-carousel\" class=\"blog-list blog-snippet\">\n\t\t\n\t<li class=\"item\">\n\t    <div class=\"post-content\">\n\t        <div class=\"date-box\">\n\t            <div class=\"day\">14<\/div>\n\t            <div class=\"month\">May<\/div>\n\t        <\/div>\n\n\t        <div class=\"post-text\">\n\t            <h3><a href=\"https:\/\/normar.ma\/?p=24\">CFG Bank et Auto Nejma, la main dans la main pour un m\u00e9ga-projet \u00e0 Ain Diab<\/a><\/h3>\n\t            <p>\n\t                Un an apr\u00e8s avoir atteint l\u2019\u00e9quilibre d\u2019exploitation, CFG Bank se lance dans un projet...\t\t\t\t\t<br>\n\t                <a href=\"https:\/\/normar.ma\/?p=24\" class=\"read_more mt10\"> <i class=\"fa fa-chevron-right id-color\"><\/i><\/a>\n\t            <\/p>\n\t        <\/div>\n\n\t    <\/div>\n\t<\/li>\n\n\t\t\n\t<li class=\"item\">\n\t    <div class=\"post-content\">\n\t        <div class=\"date-box\">\n\t            <div class=\"day\">13<\/div>\n\t            <div class=\"month\">May<\/div>\n\t        <\/div>\n\n\t        <div class=\"post-text\">\n\t            <h3><a href=\"https:\/\/normar.ma\/?p=35\">ESCA inaugure son nouveau campus au c\u0153ur de Casablanca Finance City<\/a><\/h3>\n\t            <p>\n\t                Amor\u00e7ant une nouvelle phase de son d\u00e9veloppement en tant qu\u2019\u00e9cole pionni\u00e8re, connect\u00e9e au monde...\t\t\t\t\t<br>\n\t                <a href=\"https:\/\/normar.ma\/?p=35\" class=\"read_more mt10\"> <i class=\"fa fa-chevron-right id-color\"><\/i><\/a>\n\t            <\/p>\n\t        <\/div>\n\n\t    <\/div>\n\t<\/li>\n\n\t\t\n\t<li class=\"item\">\n\t    <div class=\"post-content\">\n\t        <div class=\"date-box\">\n\t            <div class=\"day\">11<\/div>\n\t            <div class=\"month\">May<\/div>\n\t        <\/div>\n\n\t        <div class=\"post-text\">\n\t            <h3><a href=\"https:\/\/normar.ma\/?p=28\">ImmoTech \u2013 Proptech Expo 2023 : L\u2019alliance de la technologie et de l\u2019innovation pour dynamiser le secteur immobilier au Maroc<\/a><\/h3>\n\t            <p>\n\t                Le salon ImmoTech \u2013 Proptech Expo se tiendra les 20 et 21 septembre 2023...\t\t\t\t\t<br>\n\t                <a href=\"https:\/\/normar.ma\/?p=28\" class=\"read_more mt10\"> <i class=\"fa fa-chevron-right id-color\"><\/i><\/a>\n\t            <\/p>\n\t        <\/div>\n\n\t    <\/div>\n\t<\/li>\n\n\t\t<\/ul>\n\n\t<script>\n\t\t(function($) { \"use strict\";\n\n\t\t\t$(\"#blog-carousel\").owlCarousel({\n\t\t\t\titems: 3,\n\t\t\t\titemsDesktop      : [1199,3],\n\t\t\t    itemsDesktopSmall     : [979,3 - 1],\n\t\t\t    itemsTablet       : [768,1],\n\t\t\t    itemsMobile       : [479,1],\n\t\t\t\tnavigation: false,\n\t\t\t\tpagination: true\n\t\t\t}); \n\n\t\t})(jQuery); \n\t<\/script>\n\n[\/vc_column][\/vc_row]<\/p>\n<\/section>","protected":false},"excerpt":{"rendered":"<p>[vc_row parallax_bg=&#8221;true&#8221; parallax=&#8221;&#8221; css=&#8221;.vc_custom_1746884662999{padding-top: 0px !important;padding-bottom: 0px !important;background-image: url(https:\/\/normar.ma\/wp-content\/uploads\/2023\/05\/home-banner23.jpg?id=1536) !important;}&#8221;][vc_column][\/vc_column][\/vc_row][vc_row equal_height=&#8221;yes&#8221; content_placement=&#8221;middle&#8221; fullwidth=&#8221;yes&#8221; css=&#8221;.vc_custom_1481703350806{padding-top: 0px !important;padding-bottom: 0px !important;}&#8221; el_id=&#8221;section-about&#8221;][vc_column css=&#8221;.vc_custom_1746883963899{background-image: url(https:\/\/normar.ma\/wp-content\/uploads\/2023\/05\/EQuipment032.jpg?id=1450) !important;background-position: center !important;background-repeat: no-repeat !important;background-size: cover !important;}&#8221; offset=&#8221;vc_col-md-4&#8243;][vc_column_text css=&#8221;.vc_custom_1746883325878{padding-top: 80px !important;padding-right: 80px !important;padding-bottom: 80px !important;padding-left: 80px !important;}&#8221;][\/vc_column_text][\/vc_column][vc_column offset=&#8221;vc_col-md-4&#8243; css=&#8221;.vc_custom_1481614052502{padding-top: 0px !important;background-color: #f6f6f6 !important;}&#8221;][vc_column_text el_class=&#8221;padding60&#8243;] Parc Mat\u00e9riels Normar dispose d\u2019un parc mat\u00e9riel moderne. Il est [&hellip;]<\/p>\n","protected":false},"author":1,"featured_media":0,"parent":0,"menu_order":0,"comment_status":"closed","ping_status":"closed","template":"page-templates\/template-canvas.php","meta":{"footnotes":""},"class_list":["post-547","page","type-page","status-publish","hentry"],"yoast_head":"<!-- This site is optimized with the Yoast SEO plugin v20.7 - https:\/\/yoast.com\/wordpress\/plugins\/seo\/ -->\n<title>Mat\u00e9riels - NORMAR MAROC<\/title>\n<meta name=\"description\" content=\"Normar dispose d\u2019un parc mat\u00e9riel moderne. Il est rep\u00e9rable par le sigle et la charte graphique de l\u2019entreprise.\" \/>\n<meta name=\"robots\" content=\"index, follow, max-snippet:-1, max-image-preview:large, max-video-preview:-1\" \/>\n<link rel=\"canonical\" href=\"https:\/\/normar.ma\/?page_id=547\" \/>\n<meta property=\"og:locale\" content=\"en_US\" \/>\n<meta property=\"og:type\" content=\"article\" \/>\n<meta property=\"og:title\" content=\"Mat\u00e9riels - NORMAR MAROC\" \/>\n<meta property=\"og:description\" content=\"Normar dispose d\u2019un parc mat\u00e9riel moderne. Il est rep\u00e9rable par le sigle et la charte graphique de l\u2019entreprise.\" \/>\n<meta property=\"og:url\" content=\"https:\/\/normar.ma\/?page_id=547\" \/>\n<meta property=\"og:site_name\" content=\"NORMAR MAROC\" \/>\n<meta property=\"article:modified_time\" content=\"2025-05-10T14:01:43+00:00\" \/>\n<meta property=\"og:image\" content=\"https:\/\/normar.ma\/wp-content\/uploads\/2023\/05\/Grues_icon.png\" \/>\n<meta name=\"twitter:card\" content=\"summary_large_image\" \/>\n<meta name=\"twitter:label1\" content=\"Est. reading time\" \/>\n\t<meta name=\"twitter:data1\" content=\"4 minutes\" \/>\n<script type=\"application\/ld+json\" class=\"yoast-schema-graph\">{\"@context\":\"https:\/\/schema.org\",\"@graph\":[{\"@type\":\"WebPage\",\"@id\":\"https:\/\/normar.ma\/?page_id=547\",\"url\":\"https:\/\/normar.ma\/?page_id=547\",\"name\":\"Mat\u00e9riels - NORMAR MAROC\",\"isPartOf\":{\"@id\":\"https:\/\/normar.ma\/#website\"},\"datePublished\":\"2016-12-16T03:24:50+00:00\",\"dateModified\":\"2025-05-10T14:01:43+00:00\",\"description\":\"Normar dispose d\u2019un parc mat\u00e9riel moderne. Il est rep\u00e9rable par le sigle et la charte graphique de l\u2019entreprise.\",\"breadcrumb\":{\"@id\":\"https:\/\/normar.ma\/?page_id=547#breadcrumb\"},\"inLanguage\":\"en-US\",\"potentialAction\":[{\"@type\":\"ReadAction\",\"target\":[\"https:\/\/normar.ma\/?page_id=547\"]}]},{\"@type\":\"BreadcrumbList\",\"@id\":\"https:\/\/normar.ma\/?page_id=547#breadcrumb\",\"itemListElement\":[{\"@type\":\"ListItem\",\"position\":1,\"name\":\"Home\",\"item\":\"https:\/\/normar.ma\/\"},{\"@type\":\"ListItem\",\"position\":2,\"name\":\"Mat\u00e9riels\"}]},{\"@type\":\"WebSite\",\"@id\":\"https:\/\/normar.ma\/#website\",\"url\":\"https:\/\/normar.ma\/\",\"name\":\"NORMAR MAROC\",\"description\":\"Soci\u00e9t\u00e9 de Travaux et de Terrassement\",\"publisher\":{\"@id\":\"https:\/\/normar.ma\/#organization\"},\"potentialAction\":[{\"@type\":\"SearchAction\",\"target\":{\"@type\":\"EntryPoint\",\"urlTemplate\":\"https:\/\/normar.ma\/?s={search_term_string}\"},\"query-input\":\"required name=search_term_string\"}],\"inLanguage\":\"en-US\"},{\"@type\":\"Organization\",\"@id\":\"https:\/\/normar.ma\/#organization\",\"name\":\"NORMAR TRAVAUX\",\"url\":\"https:\/\/normar.ma\/\",\"logo\":{\"@type\":\"ImageObject\",\"inLanguage\":\"en-US\",\"@id\":\"https:\/\/normar.ma\/#\/schema\/logo\/image\/\",\"url\":\"https:\/\/normar.mawp-content\/uploads\/2023\/05\/LogNormarDrk.jpg\",\"contentUrl\":\"https:\/\/normar.mawp-content\/uploads\/2023\/05\/LogNormarDrk.jpg\",\"width\":621,\"height\":160,\"caption\":\"NORMAR TRAVAUX\"},\"image\":{\"@id\":\"https:\/\/normar.ma\/#\/schema\/logo\/image\/\"},\"sameAs\":[\"https:\/\/www.linkedin.com\/company\/normar-travaux\/\"]}]}<\/script>\n<!-- \/ Yoast SEO plugin. -->","yoast_head_json":{"title":"Mat\u00e9riels - NORMAR MAROC","description":"Normar dispose d\u2019un parc mat\u00e9riel moderne. Il est rep\u00e9rable par le sigle et la charte graphique de l\u2019entreprise.","robots":{"index":"index","follow":"follow","max-snippet":"max-snippet:-1","max-image-preview":"max-image-preview:large","max-video-preview":"max-video-preview:-1"},"canonical":"https:\/\/normar.ma\/?page_id=547","og_locale":"en_US","og_type":"article","og_title":"Mat\u00e9riels - NORMAR MAROC","og_description":"Normar dispose d\u2019un parc mat\u00e9riel moderne. Il est rep\u00e9rable par le sigle et la charte graphique de l\u2019entreprise.","og_url":"https:\/\/normar.ma\/?page_id=547","og_site_name":"NORMAR MAROC","article_modified_time":"2025-05-10T14:01:43+00:00","og_image":[{"url":"https:\/\/normar.ma\/wp-content\/uploads\/2023\/05\/Grues_icon.png"}],"twitter_card":"summary_large_image","twitter_misc":{"Est. reading time":"4 minutes"},"schema":{"@context":"https:\/\/schema.org","@graph":[{"@type":"WebPage","@id":"https:\/\/normar.ma\/?page_id=547","url":"https:\/\/normar.ma\/?page_id=547","name":"Mat\u00e9riels - NORMAR MAROC","isPartOf":{"@id":"https:\/\/normar.ma\/#website"},"datePublished":"2016-12-16T03:24:50+00:00","dateModified":"2025-05-10T14:01:43+00:00","description":"Normar dispose d\u2019un parc mat\u00e9riel moderne. Il est rep\u00e9rable par le sigle et la charte graphique de l\u2019entreprise.","breadcrumb":{"@id":"https:\/\/normar.ma\/?page_id=547#breadcrumb"},"inLanguage":"en-US","potentialAction":[{"@type":"ReadAction","target":["https:\/\/normar.ma\/?page_id=547"]}]},{"@type":"BreadcrumbList","@id":"https:\/\/normar.ma\/?page_id=547#breadcrumb","itemListElement":[{"@type":"ListItem","position":1,"name":"Home","item":"https:\/\/normar.ma\/"},{"@type":"ListItem","position":2,"name":"Mat\u00e9riels"}]},{"@type":"WebSite","@id":"https:\/\/normar.ma\/#website","url":"https:\/\/normar.ma\/","name":"NORMAR MAROC","description":"Soci\u00e9t\u00e9 de Travaux et de Terrassement","publisher":{"@id":"https:\/\/normar.ma\/#organization"},"potentialAction":[{"@type":"SearchAction","target":{"@type":"EntryPoint","urlTemplate":"https:\/\/normar.ma\/?s={search_term_string}"},"query-input":"required name=search_term_string"}],"inLanguage":"en-US"},{"@type":"Organization","@id":"https:\/\/normar.ma\/#organization","name":"NORMAR TRAVAUX","url":"https:\/\/normar.ma\/","logo":{"@type":"ImageObject","inLanguage":"en-US","@id":"https:\/\/normar.ma\/#\/schema\/logo\/image\/","url":"https:\/\/normar.mawp-content\/uploads\/2023\/05\/LogNormarDrk.jpg","contentUrl":"https:\/\/normar.mawp-content\/uploads\/2023\/05\/LogNormarDrk.jpg","width":621,"height":160,"caption":"NORMAR TRAVAUX"},"image":{"@id":"https:\/\/normar.ma\/#\/schema\/logo\/image\/"},"sameAs":["https:\/\/www.linkedin.com\/company\/normar-travaux\/"]}]}},"_links":{"self":[{"href":"https:\/\/normar.ma\/index.php?rest_route=\/wp\/v2\/pages\/547","targetHints":{"allow":["GET"]}}],"collection":[{"href":"https:\/\/normar.ma\/index.php?rest_route=\/wp\/v2\/pages"}],"about":[{"href":"https:\/\/normar.ma\/index.php?rest_route=\/wp\/v2\/types\/page"}],"author":[{"embeddable":true,"href":"https:\/\/normar.ma\/index.php?rest_route=\/wp\/v2\/users\/1"}],"replies":[{"embeddable":true,"href":"https:\/\/normar.ma\/index.php?rest_route=%2Fwp%2Fv2%2Fcomments&post=547"}],"version-history":[{"count":42,"href":"https:\/\/normar.ma\/index.php?rest_route=\/wp\/v2\/pages\/547\/revisions"}],"predecessor-version":[{"id":1534,"href":"https:\/\/normar.ma\/index.php?rest_route=\/wp\/v2\/pages\/547\/revisions\/1534"}],"wp:attachment":[{"href":"https:\/\/normar.ma\/index.php?rest_route=%2Fwp%2Fv2%2Fmedia&parent=547"}],"curies":[{"name":"wp","href":"https:\/\/api.w.org\/{rel}","templated":true}]}}